{"id":3378,"date":"2022-02-15T05:47:13","date_gmt":"2022-02-15T05:47:13","guid":{"rendered":"https:\/\/pleddu.com\/back-rent-1\/"},"modified":"2024-03-09T02:27:46","modified_gmt":"2024-03-09T02:27:46","slug":"back-rent-1","status":"publish","type":"page","link":"https:\/\/pleddu.com\/pl\/","title":{"rendered":"Powr\u00f3t Wynajem"},"content":{"rendered":"","protected":false},"excerpt":{"rendered":"","protected":false},"author":1,"featured_media":0,"parent":0,"menu_order":0,"comment_status":"closed","ping_status":"closed","template":"page-template\/page-back-rent_new.php","meta":{"_acf_changed":false,"inline_featured_image":false,"footnotes":""},"acf":[],"yoast_head":"<!-- This site is optimized with the Yoast SEO plugin v23.1 - https:\/\/yoast.com\/wordpress\/plugins\/seo\/ -->\n<title>Powr\u00f3t Wynajem - PLEDDU - BackRent (LeaseBack) specialists<\/title>\n<meta name=\"description\" content=\"Zdob\u0105d\u017a pieni\u0105dze za sw\u00f3j telefon i nadal z niego korzystaj. Oferujemy backrent przez PLEDDU. Bez sprawdzania historii finansowej, online i teraz.\" \/>\n<meta name=\"robots\" content=\"index, follow, max-snippet:-1, max-image-preview:large, max-video-preview:-1\" \/>\n<link rel=\"canonical\" href=\"https:\/\/pleddu.com\/pl\/back-rent-1\/\" \/>\n<meta property=\"og:locale\" content=\"pl_PL\" \/>\n<meta property=\"og:type\" content=\"article\" \/>\n<meta property=\"og:title\" content=\"Powr\u00f3t Wynajem - PLEDDU - BackRent (LeaseBack) specialists\" \/>\n<meta property=\"og:description\" content=\"Zdob\u0105d\u017a pieni\u0105dze za sw\u00f3j telefon i nadal z niego korzystaj. Oferujemy backrent przez PLEDDU. Bez sprawdzania historii finansowej, online i teraz.\" \/>\n<meta property=\"og:url\" content=\"https:\/\/pleddu.com\/pl\/back-rent-1\/\" \/>\n<meta property=\"og:site_name\" content=\"PLEDDU - BackRent (LeaseBack) specialists\" \/>\n<meta property=\"article:publisher\" content=\"https:\/\/www.facebook.com\/pleddu\" \/>\n<meta property=\"article:modified_time\" content=\"2024-03-09T02:27:46+00:00\" \/>\n<meta name=\"twitter:card\" content=\"summary_large_image\" \/>\n<script type=\"application\/ld+json\" class=\"yoast-schema-graph\">{\"@context\":\"https:\/\/schema.org\",\"@graph\":[{\"@type\":\"WebPage\",\"@id\":\"https:\/\/pleddu.com\/pl\/back-rent-1\/\",\"url\":\"https:\/\/pleddu.com\/pl\/back-rent-1\/\",\"name\":\"Powr\u00f3t Wynajem - PLEDDU - BackRent (LeaseBack) specialists\",\"isPartOf\":{\"@id\":\"https:\/\/pleddu.com\/#website\"},\"datePublished\":\"2022-02-15T05:47:13+00:00\",\"dateModified\":\"2024-03-09T02:27:46+00:00\",\"description\":\"Zdob\u0105d\u017a pieni\u0105dze za sw\u00f3j telefon i nadal z niego korzystaj. Oferujemy backrent przez PLEDDU. Bez sprawdzania historii finansowej, online i teraz.\",\"breadcrumb\":{\"@id\":\"https:\/\/pleddu.com\/pl\/back-rent-1\/#breadcrumb\"},\"inLanguage\":\"pl-PL\",\"potentialAction\":[{\"@type\":\"ReadAction\",\"target\":[\"https:\/\/pleddu.com\/pl\/back-rent-1\/\"]}]},{\"@type\":\"BreadcrumbList\",\"@id\":\"https:\/\/pleddu.com\/pl\/back-rent-1\/#breadcrumb\",\"itemListElement\":[{\"@type\":\"ListItem\",\"position\":1,\"name\":\"Home\",\"item\":\"https:\/\/pleddu.com\/pl\/back-rent-1\/\"},{\"@type\":\"ListItem\",\"position\":2,\"name\":\"Powr\u00f3t Wynajem\"}]},{\"@type\":\"WebSite\",\"@id\":\"https:\/\/pleddu.com\/#website\",\"url\":\"https:\/\/pleddu.com\/\",\"name\":\"PLEDDU - BackRent (LeaseBack) specialists\",\"description\":\"We are a pioneer in the RentTech business\",\"potentialAction\":[{\"@type\":\"SearchAction\",\"target\":{\"@type\":\"EntryPoint\",\"urlTemplate\":\"https:\/\/pleddu.com\/?s={search_term_string}\"},\"query-input\":\"required name=search_term_string\"}],\"inLanguage\":\"pl-PL\"}]}<\/script>\n<!-- \/ Yoast SEO plugin. -->","yoast_head_json":{"title":"Powr\u00f3t Wynajem - PLEDDU - BackRent (LeaseBack) specialists","description":"Zdob\u0105d\u017a pieni\u0105dze za sw\u00f3j telefon i nadal z niego korzystaj. Oferujemy backrent przez PLEDDU. Bez sprawdzania historii finansowej, online i teraz.","robots":{"index":"index","follow":"follow","max-snippet":"max-snippet:-1","max-image-preview":"max-image-preview:large","max-video-preview":"max-video-preview:-1"},"canonical":"https:\/\/pleddu.com\/pl\/back-rent-1\/","og_locale":"pl_PL","og_type":"article","og_title":"Powr\u00f3t Wynajem - PLEDDU - BackRent (LeaseBack) specialists","og_description":"Zdob\u0105d\u017a pieni\u0105dze za sw\u00f3j telefon i nadal z niego korzystaj. Oferujemy backrent przez PLEDDU. Bez sprawdzania historii finansowej, online i teraz.","og_url":"https:\/\/pleddu.com\/pl\/back-rent-1\/","og_site_name":"PLEDDU - BackRent (LeaseBack) specialists","article_publisher":"https:\/\/www.facebook.com\/pleddu","article_modified_time":"2024-03-09T02:27:46+00:00","twitter_card":"summary_large_image","schema":{"@context":"https:\/\/schema.org","@graph":[{"@type":"WebPage","@id":"https:\/\/pleddu.com\/pl\/back-rent-1\/","url":"https:\/\/pleddu.com\/pl\/back-rent-1\/","name":"Powr\u00f3t Wynajem - PLEDDU - BackRent (LeaseBack) specialists","isPartOf":{"@id":"https:\/\/pleddu.com\/#website"},"datePublished":"2022-02-15T05:47:13+00:00","dateModified":"2024-03-09T02:27:46+00:00","description":"Zdob\u0105d\u017a pieni\u0105dze za sw\u00f3j telefon i nadal z niego korzystaj. Oferujemy backrent przez PLEDDU. Bez sprawdzania historii finansowej, online i teraz.","breadcrumb":{"@id":"https:\/\/pleddu.com\/pl\/back-rent-1\/#breadcrumb"},"inLanguage":"pl-PL","potentialAction":[{"@type":"ReadAction","target":["https:\/\/pleddu.com\/pl\/back-rent-1\/"]}]},{"@type":"BreadcrumbList","@id":"https:\/\/pleddu.com\/pl\/back-rent-1\/#breadcrumb","itemListElement":[{"@type":"ListItem","position":1,"name":"Home","item":"https:\/\/pleddu.com\/pl\/back-rent-1\/"},{"@type":"ListItem","position":2,"name":"Powr\u00f3t Wynajem"}]},{"@type":"WebSite","@id":"https:\/\/pleddu.com\/#website","url":"https:\/\/pleddu.com\/","name":"PLEDDU - BackRent (LeaseBack) specialists","description":"We are a pioneer in the RentTech business","potentialAction":[{"@type":"SearchAction","target":{"@type":"EntryPoint","urlTemplate":"https:\/\/pleddu.com\/?s={search_term_string}"},"query-input":"required name=search_term_string"}],"inLanguage":"pl-PL"}]}},"_links":{"self":[{"href":"https:\/\/pleddu.com\/pl\/wp-json\/wp\/v2\/pages\/3378"}],"collection":[{"href":"https:\/\/pleddu.com\/pl\/wp-json\/wp\/v2\/pages"}],"about":[{"href":"https:\/\/pleddu.com\/pl\/wp-json\/wp\/v2\/types\/page"}],"author":[{"embeddable":true,"href":"https:\/\/pleddu.com\/pl\/wp-json\/wp\/v2\/users\/1"}],"replies":[{"embeddable":true,"href":"https:\/\/pleddu.com\/pl\/wp-json\/wp\/v2\/comments?post=3378"}],"version-history":[{"count":1,"href":"https:\/\/pleddu.com\/pl\/wp-json\/wp\/v2\/pages\/3378\/revisions"}],"predecessor-version":[{"id":3395,"href":"https:\/\/pleddu.com\/pl\/wp-json\/wp\/v2\/pages\/3378\/revisions\/3395"}],"wp:attachment":[{"href":"https:\/\/pleddu.com\/pl\/wp-json\/wp\/v2\/media?parent=3378"}],"curies":[{"name":"wp","href":"https:\/\/api.w.org\/{rel}","templated":true}]}}