{"id":3380,"date":"2021-11-15T06:29:41","date_gmt":"2021-11-15T06:29:41","guid":{"rendered":"https:\/\/pleddu.com\/blog\/"},"modified":"2024-03-09T08:17:53","modified_gmt":"2024-03-09T08:17:53","slug":"blog","status":"publish","type":"page","link":"https:\/\/pleddu.com\/pl\/blog\/","title":{"rendered":"Blog"},"content":{"rendered":"","protected":false},"excerpt":{"rendered":"","protected":false},"author":1,"featured_media":1941,"parent":0,"menu_order":0,"comment_status":"closed","ping_status":"closed","template":"page-template\/page-blog.php","meta":{"_acf_changed":false,"inline_featured_image":false,"footnotes":""},"acf":[],"yoast_head":"<!-- This site is optimized with the Yoast SEO plugin v23.1 - https:\/\/yoast.com\/wordpress\/plugins\/seo\/ -->\n<title>Blog - PLEDDU - BackRent (LeaseBack) specialists , wiadomo\u015bci od RentTech<\/title>\n<meta name=\"description\" content=\"Chcesz dowiedzie\u0107 si\u0119 czego\u015b ciekawego o ekologii, telefonach i na czym stoimy? Zapraszamy do zapoznania si\u0119 z naszym blogiem PLEDDU\" \/>\n<meta name=\"robots\" content=\"index, follow, max-snippet:-1, max-image-preview:large, max-video-preview:-1\" \/>\n<link rel=\"canonical\" href=\"https:\/\/pleddu.com\/pl\/blog\/\" \/>\n<meta property=\"og:locale\" content=\"pl_PL\" \/>\n<meta property=\"og:type\" content=\"article\" \/>\n<meta property=\"og:title\" content=\"Blog - PLEDDU - BackRent (LeaseBack) specialists , wiadomo\u015bci od RentTech\" \/>\n<meta property=\"og:description\" content=\"Chcesz dowiedzie\u0107 si\u0119 czego\u015b ciekawego o ekologii, telefonach i na czym stoimy? Zapraszamy do zapoznania si\u0119 z naszym blogiem PLEDDU\" \/>\n<meta property=\"og:url\" content=\"https:\/\/pleddu.com\/pl\/blog\/\" \/>\n<meta property=\"og:site_name\" content=\"PLEDDU - BackRent (LeaseBack) specialists\" \/>\n<meta property=\"article:publisher\" content=\"https:\/\/www.facebook.com\/pleddu\" \/>\n<meta property=\"article:modified_time\" content=\"2024-03-09T08:17:53+00:00\" \/>\n<meta property=\"og:image\" content=\"https:\/\/pleddu.com\/wp-content\/uploads\/2021\/12\/8.webp\" \/>\n\t<meta property=\"og:image:width\" content=\"850\" \/>\n\t<meta property=\"og:image:height\" content=\"480\" \/>\n\t<meta property=\"og:image:type\" content=\"image\/webp\" \/>\n<meta name=\"twitter:card\" content=\"summary_large_image\" \/>\n<script type=\"application\/ld+json\" class=\"yoast-schema-graph\">{\"@context\":\"https:\/\/schema.org\",\"@graph\":[{\"@type\":\"WebPage\",\"@id\":\"https:\/\/pleddu.com\/pl\/blog\/\",\"url\":\"https:\/\/pleddu.com\/pl\/blog\/\",\"name\":\"Blog - PLEDDU - BackRent (LeaseBack) specialists , wiadomo\u015bci od RentTech\",\"isPartOf\":{\"@id\":\"https:\/\/pleddu.com\/#website\"},\"primaryImageOfPage\":{\"@id\":\"https:\/\/pleddu.com\/pl\/blog\/#primaryimage\"},\"image\":{\"@id\":\"https:\/\/pleddu.com\/pl\/blog\/#primaryimage\"},\"thumbnailUrl\":\"https:\/\/pleddu.com\/wp-content\/uploads\/2021\/12\/8.webp\",\"datePublished\":\"2021-11-15T06:29:41+00:00\",\"dateModified\":\"2024-03-09T08:17:53+00:00\",\"description\":\"Chcesz dowiedzie\u0107 si\u0119 czego\u015b ciekawego o ekologii, telefonach i na czym stoimy? Zapraszamy do zapoznania si\u0119 z naszym blogiem PLEDDU\",\"breadcrumb\":{\"@id\":\"https:\/\/pleddu.com\/pl\/blog\/#breadcrumb\"},\"inLanguage\":\"pl-PL\",\"potentialAction\":[{\"@type\":\"ReadAction\",\"target\":[\"https:\/\/pleddu.com\/pl\/blog\/\"]}]},{\"@type\":\"ImageObject\",\"inLanguage\":\"pl-PL\",\"@id\":\"https:\/\/pleddu.com\/pl\/blog\/#primaryimage\",\"url\":\"https:\/\/pleddu.com\/wp-content\/uploads\/2021\/12\/8.webp\",\"contentUrl\":\"https:\/\/pleddu.com\/wp-content\/uploads\/2021\/12\/8.webp\",\"width\":850,\"height\":480,\"caption\":\"Chcie\u0107 wi\u0119cej\"},{\"@type\":\"BreadcrumbList\",\"@id\":\"https:\/\/pleddu.com\/pl\/blog\/#breadcrumb\",\"itemListElement\":[{\"@type\":\"ListItem\",\"position\":1,\"name\":\"Home\",\"item\":\"https:\/\/pleddu.com\/pl\/back-rent-1\/\"},{\"@type\":\"ListItem\",\"position\":2,\"name\":\"Blog\"}]},{\"@type\":\"WebSite\",\"@id\":\"https:\/\/pleddu.com\/#website\",\"url\":\"https:\/\/pleddu.com\/\",\"name\":\"PLEDDU - BackRent (LeaseBack) specialists\",\"description\":\"We are a pioneer in the RentTech business\",\"potentialAction\":[{\"@type\":\"SearchAction\",\"target\":{\"@type\":\"EntryPoint\",\"urlTemplate\":\"https:\/\/pleddu.com\/?s={search_term_string}\"},\"query-input\":\"required name=search_term_string\"}],\"inLanguage\":\"pl-PL\"}]}<\/script>\n<!-- \/ Yoast SEO plugin. -->","yoast_head_json":{"title":"Blog - PLEDDU - BackRent (LeaseBack) specialists , wiadomo\u015bci od RentTech","description":"Chcesz dowiedzie\u0107 si\u0119 czego\u015b ciekawego o ekologii, telefonach i na czym stoimy? Zapraszamy do zapoznania si\u0119 z naszym blogiem PLEDDU","robots":{"index":"index","follow":"follow","max-snippet":"max-snippet:-1","max-image-preview":"max-image-preview:large","max-video-preview":"max-video-preview:-1"},"canonical":"https:\/\/pleddu.com\/pl\/blog\/","og_locale":"pl_PL","og_type":"article","og_title":"Blog - PLEDDU - BackRent (LeaseBack) specialists , wiadomo\u015bci od RentTech","og_description":"Chcesz dowiedzie\u0107 si\u0119 czego\u015b ciekawego o ekologii, telefonach i na czym stoimy? Zapraszamy do zapoznania si\u0119 z naszym blogiem PLEDDU","og_url":"https:\/\/pleddu.com\/pl\/blog\/","og_site_name":"PLEDDU - BackRent (LeaseBack) specialists","article_publisher":"https:\/\/www.facebook.com\/pleddu","article_modified_time":"2024-03-09T08:17:53+00:00","og_image":[{"width":850,"height":480,"url":"https:\/\/pleddu.com\/wp-content\/uploads\/2021\/12\/8.webp","type":"image\/webp"}],"twitter_card":"summary_large_image","schema":{"@context":"https:\/\/schema.org","@graph":[{"@type":"WebPage","@id":"https:\/\/pleddu.com\/pl\/blog\/","url":"https:\/\/pleddu.com\/pl\/blog\/","name":"Blog - PLEDDU - BackRent (LeaseBack) specialists , wiadomo\u015bci od RentTech","isPartOf":{"@id":"https:\/\/pleddu.com\/#website"},"primaryImageOfPage":{"@id":"https:\/\/pleddu.com\/pl\/blog\/#primaryimage"},"image":{"@id":"https:\/\/pleddu.com\/pl\/blog\/#primaryimage"},"thumbnailUrl":"https:\/\/pleddu.com\/wp-content\/uploads\/2021\/12\/8.webp","datePublished":"2021-11-15T06:29:41+00:00","dateModified":"2024-03-09T08:17:53+00:00","description":"Chcesz dowiedzie\u0107 si\u0119 czego\u015b ciekawego o ekologii, telefonach i na czym stoimy? Zapraszamy do zapoznania si\u0119 z naszym blogiem PLEDDU","breadcrumb":{"@id":"https:\/\/pleddu.com\/pl\/blog\/#breadcrumb"},"inLanguage":"pl-PL","potentialAction":[{"@type":"ReadAction","target":["https:\/\/pleddu.com\/pl\/blog\/"]}]},{"@type":"ImageObject","inLanguage":"pl-PL","@id":"https:\/\/pleddu.com\/pl\/blog\/#primaryimage","url":"https:\/\/pleddu.com\/wp-content\/uploads\/2021\/12\/8.webp","contentUrl":"https:\/\/pleddu.com\/wp-content\/uploads\/2021\/12\/8.webp","width":850,"height":480,"caption":"Chcie\u0107 wi\u0119cej"},{"@type":"BreadcrumbList","@id":"https:\/\/pleddu.com\/pl\/blog\/#breadcrumb","itemListElement":[{"@type":"ListItem","position":1,"name":"Home","item":"https:\/\/pleddu.com\/pl\/back-rent-1\/"},{"@type":"ListItem","position":2,"name":"Blog"}]},{"@type":"WebSite","@id":"https:\/\/pleddu.com\/#website","url":"https:\/\/pleddu.com\/","name":"PLEDDU - BackRent (LeaseBack) specialists","description":"We are a pioneer in the RentTech business","potentialAction":[{"@type":"SearchAction","target":{"@type":"EntryPoint","urlTemplate":"https:\/\/pleddu.com\/?s={search_term_string}"},"query-input":"required name=search_term_string"}],"inLanguage":"pl-PL"}]}},"_links":{"self":[{"href":"https:\/\/pleddu.com\/pl\/wp-json\/wp\/v2\/pages\/3380"}],"collection":[{"href":"https:\/\/pleddu.com\/pl\/wp-json\/wp\/v2\/pages"}],"about":[{"href":"https:\/\/pleddu.com\/pl\/wp-json\/wp\/v2\/types\/page"}],"author":[{"embeddable":true,"href":"https:\/\/pleddu.com\/pl\/wp-json\/wp\/v2\/users\/1"}],"replies":[{"embeddable":true,"href":"https:\/\/pleddu.com\/pl\/wp-json\/wp\/v2\/comments?post=3380"}],"version-history":[{"count":1,"href":"https:\/\/pleddu.com\/pl\/wp-json\/wp\/v2\/pages\/3380\/revisions"}],"predecessor-version":[{"id":3403,"href":"https:\/\/pleddu.com\/pl\/wp-json\/wp\/v2\/pages\/3380\/revisions\/3403"}],"wp:featuredmedia":[{"embeddable":true,"href":"https:\/\/pleddu.com\/pl\/wp-json\/wp\/v2\/media\/1941"}],"wp:attachment":[{"href":"https:\/\/pleddu.com\/pl\/wp-json\/wp\/v2\/media?parent=3380"}],"curies":[{"name":"wp","href":"https:\/\/api.w.org\/{rel}","templated":true}]}}