{"id":3077,"date":"2023-05-24T11:06:03","date_gmt":"2023-05-24T11:06:03","guid":{"rendered":"https:\/\/pleddu.com\/blog\/"},"modified":"2023-05-24T11:06:03","modified_gmt":"2023-05-24T11:06:03","slug":"blog","status":"publish","type":"page","link":"https:\/\/pleddu.com\/sk\/blog\/","title":{"rendered":"Blog"},"content":{"rendered":"","protected":false},"excerpt":{"rendered":"","protected":false},"author":1,"featured_media":2980,"parent":0,"menu_order":0,"comment_status":"closed","ping_status":"closed","template":"page-template\/page-blog.php","meta":{"_acf_changed":false,"inline_featured_image":false,"footnotes":""},"acf":[],"yoast_head":"<!-- This site is optimized with the Yoast SEO plugin v23.1 - https:\/\/yoast.com\/wordpress\/plugins\/seo\/ -->\n<title>Blog - PLEDDU - BackRent (LeaseBack) specialists , news from RentTech<\/title>\n<meta name=\"description\" content=\"Chceli by ste sa dozvedie\u0165 nie\u010do zauj\u00edmav\u00e9 o ekol\u00f3gii, telef\u00f3noch a tom, kde sme? Pozrite sa pros\u00edm na n\u00e1\u0161 blog\" \/>\n<meta name=\"robots\" content=\"index, follow, max-snippet:-1, max-image-preview:large, max-video-preview:-1\" \/>\n<link rel=\"canonical\" href=\"https:\/\/pleddu.com\/blog\/?lang=sk\" \/>\n<meta property=\"og:locale\" content=\"sk_SK\" \/>\n<meta property=\"og:type\" content=\"article\" \/>\n<meta property=\"og:title\" content=\"Blog - PLEDDU - BackRent (LeaseBack) specialists , news from RentTech\" \/>\n<meta property=\"og:description\" content=\"Chceli by ste sa dozvedie\u0165 nie\u010do zauj\u00edmav\u00e9 o ekol\u00f3gii, telef\u00f3noch a tom, kde sme? Pozrite sa pros\u00edm na n\u00e1\u0161 blog\" \/>\n<meta property=\"og:url\" content=\"https:\/\/pleddu.com\/blog\/?lang=sk\" \/>\n<meta property=\"og:site_name\" content=\"PLEDDU - BackRent (LeaseBack) specialists\" \/>\n<meta property=\"article:publisher\" content=\"https:\/\/www.facebook.com\/pleddu\" \/>\n<meta property=\"og:image\" content=\"https:\/\/pleddu.com\/wp-content\/uploads\/2021\/12\/8.webp\" \/>\n\t<meta property=\"og:image:width\" content=\"850\" \/>\n\t<meta property=\"og:image:height\" content=\"480\" \/>\n\t<meta property=\"og:image:type\" content=\"image\/webp\" \/>\n<meta name=\"twitter:card\" content=\"summary_large_image\" \/>\n<script type=\"application\/ld+json\" class=\"yoast-schema-graph\">{\"@context\":\"https:\/\/schema.org\",\"@graph\":[{\"@type\":\"WebPage\",\"@id\":\"https:\/\/pleddu.com\/blog\/?lang=sk\",\"url\":\"https:\/\/pleddu.com\/blog\/?lang=sk\",\"name\":\"Blog - PLEDDU - BackRent (LeaseBack) specialists , news from RentTech\",\"isPartOf\":{\"@id\":\"https:\/\/pleddu.com\/#website\"},\"primaryImageOfPage\":{\"@id\":\"https:\/\/pleddu.com\/blog\/?lang=sk#primaryimage\"},\"image\":{\"@id\":\"https:\/\/pleddu.com\/blog\/?lang=sk#primaryimage\"},\"thumbnailUrl\":\"https:\/\/pleddu.com\/wp-content\/uploads\/2021\/12\/8.webp\",\"datePublished\":\"2023-05-24T11:06:03+00:00\",\"dateModified\":\"2023-05-24T11:06:03+00:00\",\"description\":\"Chceli by ste sa dozvedie\u0165 nie\u010do zauj\u00edmav\u00e9 o ekol\u00f3gii, telef\u00f3noch a tom, kde sme? Pozrite sa pros\u00edm na n\u00e1\u0161 blog\",\"breadcrumb\":{\"@id\":\"https:\/\/pleddu.com\/blog\/?lang=sk#breadcrumb\"},\"inLanguage\":\"sk-SK\",\"potentialAction\":[{\"@type\":\"ReadAction\",\"target\":[\"https:\/\/pleddu.com\/blog\/?lang=sk\"]}]},{\"@type\":\"ImageObject\",\"inLanguage\":\"sk-SK\",\"@id\":\"https:\/\/pleddu.com\/blog\/?lang=sk#primaryimage\",\"url\":\"https:\/\/pleddu.com\/wp-content\/uploads\/2021\/12\/8.webp\",\"contentUrl\":\"https:\/\/pleddu.com\/wp-content\/uploads\/2021\/12\/8.webp\",\"width\":850,\"height\":480,\"caption\":\"\u010c\u00edta\u0165 \u010falej\"},{\"@type\":\"BreadcrumbList\",\"@id\":\"https:\/\/pleddu.com\/blog\/?lang=sk#breadcrumb\",\"itemListElement\":[{\"@type\":\"ListItem\",\"position\":1,\"name\":\"Home\",\"item\":\"https:\/\/pleddu.com\/back-rent\/?lang=sk\"},{\"@type\":\"ListItem\",\"position\":2,\"name\":\"Blog\"}]},{\"@type\":\"WebSite\",\"@id\":\"https:\/\/pleddu.com\/#website\",\"url\":\"https:\/\/pleddu.com\/\",\"name\":\"PLEDDU - BackRent (LeaseBack) specialists\",\"description\":\"We are a pioneer in the RentTech business\",\"potentialAction\":[{\"@type\":\"SearchAction\",\"target\":{\"@type\":\"EntryPoint\",\"urlTemplate\":\"https:\/\/pleddu.com\/?s={search_term_string}\"},\"query-input\":\"required name=search_term_string\"}],\"inLanguage\":\"sk-SK\"}]}<\/script>\n<!-- \/ Yoast SEO plugin. -->","yoast_head_json":{"title":"Blog - PLEDDU - BackRent (LeaseBack) specialists , news from RentTech","description":"Chceli by ste sa dozvedie\u0165 nie\u010do zauj\u00edmav\u00e9 o ekol\u00f3gii, telef\u00f3noch a tom, kde sme? Pozrite sa pros\u00edm na n\u00e1\u0161 blog","robots":{"index":"index","follow":"follow","max-snippet":"max-snippet:-1","max-image-preview":"max-image-preview:large","max-video-preview":"max-video-preview:-1"},"canonical":"https:\/\/pleddu.com\/blog\/?lang=sk","og_locale":"sk_SK","og_type":"article","og_title":"Blog - PLEDDU - BackRent (LeaseBack) specialists , news from RentTech","og_description":"Chceli by ste sa dozvedie\u0165 nie\u010do zauj\u00edmav\u00e9 o ekol\u00f3gii, telef\u00f3noch a tom, kde sme? Pozrite sa pros\u00edm na n\u00e1\u0161 blog","og_url":"https:\/\/pleddu.com\/blog\/?lang=sk","og_site_name":"PLEDDU - BackRent (LeaseBack) specialists","article_publisher":"https:\/\/www.facebook.com\/pleddu","og_image":[{"width":850,"height":480,"url":"https:\/\/pleddu.com\/wp-content\/uploads\/2021\/12\/8.webp","type":"image\/webp"}],"twitter_card":"summary_large_image","schema":{"@context":"https:\/\/schema.org","@graph":[{"@type":"WebPage","@id":"https:\/\/pleddu.com\/blog\/?lang=sk","url":"https:\/\/pleddu.com\/blog\/?lang=sk","name":"Blog - PLEDDU - BackRent (LeaseBack) specialists , news from RentTech","isPartOf":{"@id":"https:\/\/pleddu.com\/#website"},"primaryImageOfPage":{"@id":"https:\/\/pleddu.com\/blog\/?lang=sk#primaryimage"},"image":{"@id":"https:\/\/pleddu.com\/blog\/?lang=sk#primaryimage"},"thumbnailUrl":"https:\/\/pleddu.com\/wp-content\/uploads\/2021\/12\/8.webp","datePublished":"2023-05-24T11:06:03+00:00","dateModified":"2023-05-24T11:06:03+00:00","description":"Chceli by ste sa dozvedie\u0165 nie\u010do zauj\u00edmav\u00e9 o ekol\u00f3gii, telef\u00f3noch a tom, kde sme? Pozrite sa pros\u00edm na n\u00e1\u0161 blog","breadcrumb":{"@id":"https:\/\/pleddu.com\/blog\/?lang=sk#breadcrumb"},"inLanguage":"sk-SK","potentialAction":[{"@type":"ReadAction","target":["https:\/\/pleddu.com\/blog\/?lang=sk"]}]},{"@type":"ImageObject","inLanguage":"sk-SK","@id":"https:\/\/pleddu.com\/blog\/?lang=sk#primaryimage","url":"https:\/\/pleddu.com\/wp-content\/uploads\/2021\/12\/8.webp","contentUrl":"https:\/\/pleddu.com\/wp-content\/uploads\/2021\/12\/8.webp","width":850,"height":480,"caption":"\u010c\u00edta\u0165 \u010falej"},{"@type":"BreadcrumbList","@id":"https:\/\/pleddu.com\/blog\/?lang=sk#breadcrumb","itemListElement":[{"@type":"ListItem","position":1,"name":"Home","item":"https:\/\/pleddu.com\/back-rent\/?lang=sk"},{"@type":"ListItem","position":2,"name":"Blog"}]},{"@type":"WebSite","@id":"https:\/\/pleddu.com\/#website","url":"https:\/\/pleddu.com\/","name":"PLEDDU - BackRent (LeaseBack) specialists","description":"We are a pioneer in the RentTech business","potentialAction":[{"@type":"SearchAction","target":{"@type":"EntryPoint","urlTemplate":"https:\/\/pleddu.com\/?s={search_term_string}"},"query-input":"required name=search_term_string"}],"inLanguage":"sk-SK"}]}},"_links":{"self":[{"href":"https:\/\/pleddu.com\/sk\/wp-json\/wp\/v2\/pages\/3077"}],"collection":[{"href":"https:\/\/pleddu.com\/sk\/wp-json\/wp\/v2\/pages"}],"about":[{"href":"https:\/\/pleddu.com\/sk\/wp-json\/wp\/v2\/types\/page"}],"author":[{"embeddable":true,"href":"https:\/\/pleddu.com\/sk\/wp-json\/wp\/v2\/users\/1"}],"replies":[{"embeddable":true,"href":"https:\/\/pleddu.com\/sk\/wp-json\/wp\/v2\/comments?post=3077"}],"version-history":[{"count":0,"href":"https:\/\/pleddu.com\/sk\/wp-json\/wp\/v2\/pages\/3077\/revisions"}],"wp:featuredmedia":[{"embeddable":true,"href":"https:\/\/pleddu.com\/sk\/wp-json\/wp\/v2\/media\/2980"}],"wp:attachment":[{"href":"https:\/\/pleddu.com\/sk\/wp-json\/wp\/v2\/media?parent=3077"}],"curies":[{"name":"wp","href":"https:\/\/api.w.org\/{rel}","templated":true}]}}