{"id":3310,"date":"2021-10-21T08:29:55","date_gmt":"2021-10-21T08:29:55","guid":{"rendered":"https:\/\/pleddu.com\/nase-vize\/"},"modified":"2023-07-12T08:20:08","modified_gmt":"2023-07-12T08:20:08","slug":"nase-vize","status":"publish","type":"page","link":"https:\/\/pleddu.com\/sk\/nase-vize\/","title":{"rendered":"RentTech"},"content":{"rendered":"","protected":false},"excerpt":{"rendered":"","protected":false},"author":1,"featured_media":3051,"parent":0,"menu_order":0,"comment_status":"closed","ping_status":"closed","template":"page-template\/page-homepage.php","meta":{"_acf_changed":false,"inline_featured_image":false,"footnotes":""},"acf":[],"yoast_head":"<!-- This site is optimized with the Yoast SEO plugin v23.1 - https:\/\/yoast.com\/wordpress\/plugins\/seo\/ -->\n<title>PLEDDU - specialist\u00e9 na zp\u011btn\u00fd pron\u00e1jem mobiln\u00edch za\u0159\u00edzen\u00ed<\/title>\n<meta name=\"description\" content=\"PLEDDU is a pioneer in the RentTech. PLEDDU gives you the freedom of renting, rent as long as you want, pay monthly and buy when you like.\" \/>\n<meta name=\"robots\" content=\"index, follow, max-snippet:-1, max-image-preview:large, max-video-preview:-1\" \/>\n<link rel=\"canonical\" href=\"https:\/\/pleddu.com\/nase-vize\/?lang=sk\" \/>\n<meta property=\"og:locale\" content=\"sk_SK\" \/>\n<meta property=\"og:type\" content=\"article\" \/>\n<meta property=\"og:title\" content=\"PLEDDU - specialist\u00e9 na zp\u011btn\u00fd pron\u00e1jem mobiln\u00edch za\u0159\u00edzen\u00ed\" \/>\n<meta property=\"og:description\" content=\"PLEDDU is a pioneer in the RentTech. PLEDDU gives you the freedom of renting, rent as long as you want, pay monthly and buy when you like.\" \/>\n<meta property=\"og:url\" content=\"https:\/\/pleddu.com\/nase-vize\/?lang=sk\" \/>\n<meta property=\"og:site_name\" content=\"PLEDDU - BackRent (LeaseBack) specialists\" \/>\n<meta property=\"article:publisher\" content=\"https:\/\/www.facebook.com\/pleddu\" \/>\n<meta property=\"article:modified_time\" content=\"2023-07-12T08:20:08+00:00\" \/>\n<meta property=\"og:image\" content=\"https:\/\/pleddu.com\/wp-content\/uploads\/2021\/10\/mobile-pleddu.webp\" \/>\n\t<meta property=\"og:image:width\" content=\"633\" \/>\n\t<meta property=\"og:image:height\" content=\"339\" \/>\n\t<meta property=\"og:image:type\" content=\"image\/webp\" \/>\n<meta name=\"twitter:card\" content=\"summary_large_image\" \/>\n<script type=\"application\/ld+json\" class=\"yoast-schema-graph\">{\"@context\":\"https:\/\/schema.org\",\"@graph\":[{\"@type\":\"WebPage\",\"@id\":\"https:\/\/pleddu.com\/nase-vize\/?lang=sk\",\"url\":\"https:\/\/pleddu.com\/nase-vize\/?lang=sk\",\"name\":\"PLEDDU - specialist\u00e9 na zp\u011btn\u00fd pron\u00e1jem mobiln\u00edch za\u0159\u00edzen\u00ed\",\"isPartOf\":{\"@id\":\"https:\/\/pleddu.com\/#website\"},\"primaryImageOfPage\":{\"@id\":\"https:\/\/pleddu.com\/nase-vize\/?lang=sk#primaryimage\"},\"image\":{\"@id\":\"https:\/\/pleddu.com\/nase-vize\/?lang=sk#primaryimage\"},\"thumbnailUrl\":\"https:\/\/pleddu.com\/wp-content\/uploads\/2021\/10\/mobile-pleddu.webp\",\"datePublished\":\"2021-10-21T08:29:55+00:00\",\"dateModified\":\"2023-07-12T08:20:08+00:00\",\"description\":\"PLEDDU is a pioneer in the RentTech. PLEDDU gives you the freedom of renting, rent as long as you want, pay monthly and buy when you like.\",\"breadcrumb\":{\"@id\":\"https:\/\/pleddu.com\/nase-vize\/?lang=sk#breadcrumb\"},\"inLanguage\":\"sk-SK\",\"potentialAction\":[{\"@type\":\"ReadAction\",\"target\":[\"https:\/\/pleddu.com\/nase-vize\/?lang=sk\"]}]},{\"@type\":\"ImageObject\",\"inLanguage\":\"sk-SK\",\"@id\":\"https:\/\/pleddu.com\/nase-vize\/?lang=sk#primaryimage\",\"url\":\"https:\/\/pleddu.com\/wp-content\/uploads\/2021\/10\/mobile-pleddu.webp\",\"contentUrl\":\"https:\/\/pleddu.com\/wp-content\/uploads\/2021\/10\/mobile-pleddu.webp\",\"width\":633,\"height\":339,\"caption\":\"pleddu fresh rent\"},{\"@type\":\"BreadcrumbList\",\"@id\":\"https:\/\/pleddu.com\/nase-vize\/?lang=sk#breadcrumb\",\"itemListElement\":[{\"@type\":\"ListItem\",\"position\":1,\"name\":\"Home\",\"item\":\"https:\/\/pleddu.com\/back-rent\/?lang=sk\"},{\"@type\":\"ListItem\",\"position\":2,\"name\":\"RentTech\"}]},{\"@type\":\"WebSite\",\"@id\":\"https:\/\/pleddu.com\/#website\",\"url\":\"https:\/\/pleddu.com\/\",\"name\":\"PLEDDU - BackRent (LeaseBack) specialists\",\"description\":\"We are a pioneer in the RentTech business\",\"potentialAction\":[{\"@type\":\"SearchAction\",\"target\":{\"@type\":\"EntryPoint\",\"urlTemplate\":\"https:\/\/pleddu.com\/?s={search_term_string}\"},\"query-input\":\"required name=search_term_string\"}],\"inLanguage\":\"sk-SK\"}]}<\/script>\n<!-- \/ Yoast SEO plugin. -->","yoast_head_json":{"title":"PLEDDU - specialist\u00e9 na zp\u011btn\u00fd pron\u00e1jem mobiln\u00edch za\u0159\u00edzen\u00ed","description":"PLEDDU is a pioneer in the RentTech. PLEDDU gives you the freedom of renting, rent as long as you want, pay monthly and buy when you like.","robots":{"index":"index","follow":"follow","max-snippet":"max-snippet:-1","max-image-preview":"max-image-preview:large","max-video-preview":"max-video-preview:-1"},"canonical":"https:\/\/pleddu.com\/nase-vize\/?lang=sk","og_locale":"sk_SK","og_type":"article","og_title":"PLEDDU - specialist\u00e9 na zp\u011btn\u00fd pron\u00e1jem mobiln\u00edch za\u0159\u00edzen\u00ed","og_description":"PLEDDU is a pioneer in the RentTech. PLEDDU gives you the freedom of renting, rent as long as you want, pay monthly and buy when you like.","og_url":"https:\/\/pleddu.com\/nase-vize\/?lang=sk","og_site_name":"PLEDDU - BackRent (LeaseBack) specialists","article_publisher":"https:\/\/www.facebook.com\/pleddu","article_modified_time":"2023-07-12T08:20:08+00:00","og_image":[{"width":633,"height":339,"url":"https:\/\/pleddu.com\/wp-content\/uploads\/2021\/10\/mobile-pleddu.webp","type":"image\/webp"}],"twitter_card":"summary_large_image","schema":{"@context":"https:\/\/schema.org","@graph":[{"@type":"WebPage","@id":"https:\/\/pleddu.com\/nase-vize\/?lang=sk","url":"https:\/\/pleddu.com\/nase-vize\/?lang=sk","name":"PLEDDU - specialist\u00e9 na zp\u011btn\u00fd pron\u00e1jem mobiln\u00edch za\u0159\u00edzen\u00ed","isPartOf":{"@id":"https:\/\/pleddu.com\/#website"},"primaryImageOfPage":{"@id":"https:\/\/pleddu.com\/nase-vize\/?lang=sk#primaryimage"},"image":{"@id":"https:\/\/pleddu.com\/nase-vize\/?lang=sk#primaryimage"},"thumbnailUrl":"https:\/\/pleddu.com\/wp-content\/uploads\/2021\/10\/mobile-pleddu.webp","datePublished":"2021-10-21T08:29:55+00:00","dateModified":"2023-07-12T08:20:08+00:00","description":"PLEDDU is a pioneer in the RentTech. PLEDDU gives you the freedom of renting, rent as long as you want, pay monthly and buy when you like.","breadcrumb":{"@id":"https:\/\/pleddu.com\/nase-vize\/?lang=sk#breadcrumb"},"inLanguage":"sk-SK","potentialAction":[{"@type":"ReadAction","target":["https:\/\/pleddu.com\/nase-vize\/?lang=sk"]}]},{"@type":"ImageObject","inLanguage":"sk-SK","@id":"https:\/\/pleddu.com\/nase-vize\/?lang=sk#primaryimage","url":"https:\/\/pleddu.com\/wp-content\/uploads\/2021\/10\/mobile-pleddu.webp","contentUrl":"https:\/\/pleddu.com\/wp-content\/uploads\/2021\/10\/mobile-pleddu.webp","width":633,"height":339,"caption":"pleddu fresh rent"},{"@type":"BreadcrumbList","@id":"https:\/\/pleddu.com\/nase-vize\/?lang=sk#breadcrumb","itemListElement":[{"@type":"ListItem","position":1,"name":"Home","item":"https:\/\/pleddu.com\/back-rent\/?lang=sk"},{"@type":"ListItem","position":2,"name":"RentTech"}]},{"@type":"WebSite","@id":"https:\/\/pleddu.com\/#website","url":"https:\/\/pleddu.com\/","name":"PLEDDU - BackRent (LeaseBack) specialists","description":"We are a pioneer in the RentTech business","potentialAction":[{"@type":"SearchAction","target":{"@type":"EntryPoint","urlTemplate":"https:\/\/pleddu.com\/?s={search_term_string}"},"query-input":"required name=search_term_string"}],"inLanguage":"sk-SK"}]}},"_links":{"self":[{"href":"https:\/\/pleddu.com\/sk\/wp-json\/wp\/v2\/pages\/3310"}],"collection":[{"href":"https:\/\/pleddu.com\/sk\/wp-json\/wp\/v2\/pages"}],"about":[{"href":"https:\/\/pleddu.com\/sk\/wp-json\/wp\/v2\/types\/page"}],"author":[{"embeddable":true,"href":"https:\/\/pleddu.com\/sk\/wp-json\/wp\/v2\/users\/1"}],"replies":[{"embeddable":true,"href":"https:\/\/pleddu.com\/sk\/wp-json\/wp\/v2\/comments?post=3310"}],"version-history":[{"count":1,"href":"https:\/\/pleddu.com\/sk\/wp-json\/wp\/v2\/pages\/3310\/revisions"}],"predecessor-version":[{"id":3311,"href":"https:\/\/pleddu.com\/sk\/wp-json\/wp\/v2\/pages\/3310\/revisions\/3311"}],"wp:featuredmedia":[{"embeddable":true,"href":"https:\/\/pleddu.com\/sk\/wp-json\/wp\/v2\/media\/3051"}],"wp:attachment":[{"href":"https:\/\/pleddu.com\/sk\/wp-json\/wp\/v2\/media?parent=3310"}],"curies":[{"name":"wp","href":"https:\/\/api.w.org\/{rel}","templated":true}]}}